{"id":836,"date":"2022-12-06T11:31:12","date_gmt":"2022-12-06T10:31:12","guid":{"rendered":"https:\/\/www.stinajuliawebb.se\/?page_id=836"},"modified":"2022-12-06T15:10:41","modified_gmt":"2022-12-06T14:10:41","slug":"mina-tjanster-2","status":"publish","type":"page","link":"https:\/\/www.stinajuliawebb.se\/es\/mina-tjanster-2\/","title":{"rendered":"Mina tj\u00e4nsterold"},"content":{"rendered":"<div data-elementor-type=\"wp-page\" data-elementor-id=\"836\" class=\"elementor elementor-836\">\n\t\t\t\t\t\t<section class=\"elementor-section elementor-top-section elementor-element elementor-element-c96a1b9 elementor-section-boxed elementor-section-height-default elementor-section-height-default\" data-id=\"c96a1b9\" data-element_type=\"section\" data-settings=\"{&quot;background_background&quot;:&quot;classic&quot;,&quot;shape_divider_top&quot;:&quot;waves&quot;}\">\n\t\t\t\t\t<div class=\"elementor-shape elementor-shape-top\" aria-hidden=\"true\" data-negative=\"false\">\n\t\t\t<svg xmlns=\"http:\/\/www.w3.org\/2000\/svg\" viewbox=\"0 0 1000 100\" preserveaspectratio=\"none\">\n\t<path class=\"elementor-shape-fill\" d=\"M421.9,6.5c22.6-2.5,51.5,0.4,75.5,5.3c23.6,4.9,70.9,23.5,100.5,35.7c75.8,32.2,133.7,44.5,192.6,49.7\tc23.6,2.1,48.7,3.5,103.4-2.5c54.7-6,106.2-25.6,106.2-25.6V0H0v30.3c0,0,72,32.6,158.4,30.5c39.2-0.7,92.8-6.7,134-22.4\tc21.2-8.1,52.2-18.2,79.7-24.2C399.3,7.9,411.6,7.5,421.9,6.5z\"\/>\n<\/svg>\t\t<\/div>\n\t\t\t\t\t<div class=\"elementor-container elementor-column-gap-default\">\n\t\t\t\t\t<div class=\"elementor-column elementor-col-100 elementor-top-column elementor-element elementor-element-6e3efad\" data-id=\"6e3efad\" data-element_type=\"column\">\n\t\t\t<div class=\"elementor-widget-wrap elementor-element-populated\">\n\t\t\t\t\t\t<div class=\"elementor-element elementor-element-22ac490 elementor-widget elementor-widget-heading\" data-id=\"22ac490\" data-element_type=\"widget\" data-widget_type=\"heading.default\">\n\t\t\t\t<div class=\"elementor-widget-container\">\n\t\t\t\t\t<h2 class=\"elementor-heading-title elementor-size-default\">Mis servicios<\/h2>\t\t\t\t<\/div>\n\t\t\t\t<\/div>\n\t\t\t\t\t<\/div>\n\t\t<\/div>\n\t\t\t\t\t<\/div>\n\t\t<\/section>\n\t\t\t\t<section class=\"elementor-section elementor-top-section elementor-element elementor-element-fda4663 elementor-section-boxed elementor-section-height-default elementor-section-height-default\" data-id=\"fda4663\" data-element_type=\"section\" data-settings=\"{&quot;background_background&quot;:&quot;classic&quot;}\">\n\t\t\t\t\t\t<div class=\"elementor-container elementor-column-gap-default\">\n\t\t\t\t\t<div class=\"elementor-column elementor-col-100 elementor-top-column elementor-element elementor-element-fdaea86\" data-id=\"fdaea86\" data-element_type=\"column\">\n\t\t\t<div class=\"elementor-widget-wrap elementor-element-populated\">\n\t\t\t\t\t\t<div class=\"elementor-element elementor-element-66ca0e4 elementor-widget elementor-widget-heading\" data-id=\"66ca0e4\" data-element_type=\"widget\" data-widget_type=\"heading.default\">\n\t\t\t\t<div class=\"elementor-widget-container\">\n\t\t\t\t\t<h3 class=\"elementor-heading-title elementor-size-default\">Ny webbsida - paketpris<\/h3>\t\t\t\t<\/div>\n\t\t\t\t<\/div>\n\t\t\t\t\t<\/div>\n\t\t<\/div>\n\t\t\t\t\t<\/div>\n\t\t<\/section>\n\t\t\t\t<section class=\"elementor-section elementor-top-section elementor-element elementor-element-e16e8ed elementor-section-boxed elementor-section-height-default elementor-section-height-default\" data-id=\"e16e8ed\" data-element_type=\"section\" data-settings=\"{&quot;background_background&quot;:&quot;classic&quot;}\">\n\t\t\t\t\t\t<div class=\"elementor-container elementor-column-gap-default\">\n\t\t\t\t\t<div class=\"elementor-column elementor-col-100 elementor-top-column elementor-element elementor-element-264d605\" data-id=\"264d605\" data-element_type=\"column\">\n\t\t\t<div class=\"elementor-widget-wrap elementor-element-populated\">\n\t\t\t\t\t\t<div class=\"elementor-element elementor-element-557a4d7 elementor-widget elementor-widget-text-editor\" data-id=\"557a4d7\" data-element_type=\"widget\" data-widget_type=\"text-editor.default\">\n\t\t\t\t<div class=\"elementor-widget-container\">\n\t\t\t\t\t\t\t\t\t<p>Beh\u00f6ver du en ny webbsida eller vill du g\u00f6ra om designen p\u00e5 din nuvarande? D\u00e5 kan jag hj\u00e4lpa dig!\u00a0<\/p><p>Utifr\u00e5n dina behov och \u00f6nskem\u00e5l utformar jag webbsidan och \u00e5terkopplar till dig under processens g\u00e5ng s\u00e5 att du kan ge kontinuerlig feedback. N\u00e4r sidan \u00e4r klar f\u00e5r du instruktioner s\u00e5 att du kan uppdatera sidan sj\u00e4lv.\u00a0<\/p><p>Jag s\u00e4tter ihop ett skr\u00e4ddarsytt paket till dig utifr\u00e5n vad just din verksamhet beh\u00f6ver.\u00a0 Pris varierar beroende p\u00e5 komplexitet och storlek p\u00e5 projekt. <strong><a href=\"#kontakta-mig\">P\u00f3ngase en contacto conmigo en<\/a><\/strong> s\u00e5 ber\u00e4ttar jag mer!<\/p>\t\t\t\t\t\t\t\t<\/div>\n\t\t\t\t<\/div>\n\t\t\t\t<div class=\"elementor-element elementor-element-83b28a8 elementor-widget elementor-widget-heading\" data-id=\"83b28a8\" data-element_type=\"widget\" data-widget_type=\"heading.default\">\n\t\t\t\t<div class=\"elementor-widget-container\">\n\t\t\t\t\t<h3 class=\"elementor-heading-title elementor-size-default\">Webbredakt\u00f6r - anlita mig per timme<\/h3>\t\t\t\t<\/div>\n\t\t\t\t<\/div>\n\t\t\t\t\t<\/div>\n\t\t<\/div>\n\t\t\t\t\t<\/div>\n\t\t<\/section>\n\t\t\t\t<section class=\"elementor-section elementor-top-section elementor-element elementor-element-0a2fb85 elementor-section-boxed elementor-section-height-default elementor-section-height-default\" data-id=\"0a2fb85\" data-element_type=\"section\" data-settings=\"{&quot;background_background&quot;:&quot;classic&quot;,&quot;shape_divider_bottom&quot;:&quot;waves&quot;}\">\n\t\t\t\t\t<div class=\"elementor-shape elementor-shape-bottom\" aria-hidden=\"true\" data-negative=\"false\">\n\t\t\t<svg xmlns=\"http:\/\/www.w3.org\/2000\/svg\" viewbox=\"0 0 1000 100\" preserveaspectratio=\"none\">\n\t<path class=\"elementor-shape-fill\" d=\"M421.9,6.5c22.6-2.5,51.5,0.4,75.5,5.3c23.6,4.9,70.9,23.5,100.5,35.7c75.8,32.2,133.7,44.5,192.6,49.7\tc23.6,2.1,48.7,3.5,103.4-2.5c54.7-6,106.2-25.6,106.2-25.6V0H0v30.3c0,0,72,32.6,158.4,30.5c39.2-0.7,92.8-6.7,134-22.4\tc21.2-8.1,52.2-18.2,79.7-24.2C399.3,7.9,411.6,7.5,421.9,6.5z\"\/>\n<\/svg>\t\t<\/div>\n\t\t\t\t\t<div class=\"elementor-container elementor-column-gap-default\">\n\t\t\t\t\t<div class=\"elementor-column elementor-col-100 elementor-top-column elementor-element elementor-element-4a5dbc6\" data-id=\"4a5dbc6\" data-element_type=\"column\">\n\t\t\t<div class=\"elementor-widget-wrap elementor-element-populated\">\n\t\t\t\t\t\t<div class=\"elementor-element elementor-element-6162084 elementor-widget elementor-widget-text-editor\" data-id=\"6162084\" data-element_type=\"widget\" data-widget_type=\"text-editor.default\">\n\t\t\t\t<div class=\"elementor-widget-container\">\n\t\t\t\t\t\t\t\t\t<p>Som f\u00f6retagare \u00e4r det ofta sv\u00e5rt att f\u00e5 tiden att r\u00e4cka till. Alla har vi olika saker vi \u00e4r bra p\u00e5. Ist\u00e4llet f\u00f6r att \u00e4gna din v\u00e4rdefulla tid \u00e5t att klura ut sj\u00e4lv hur du ska g\u00f6ra s\u00e5 kan du anlita mig per timme. Jag kan hj\u00e4lpa dig med olika slags uppgifter som tar tid ifr\u00e5n dig, som att l\u00e4gga till nya funktioner eller fixa en proffsig mall till ditt nyhetsbrev.<\/p><p>Exempel p\u00e5 vad jag kan hj\u00e4lpa dig med:<\/p><ul class=\"ul1\"><li class=\"li1\">L\u00e4gga till ny funktionalitet p\u00e5 din webbsida<\/li><li class=\"li1\">Formatera och publicera bilder<\/li><li class=\"li1\">Mindre \u00e4ndringar av designen<\/li><li class=\"li1\">S\u00f6kmotoroptimering<\/li><li class=\"li1\">Komma ig\u00e5ng med att skicka nyhetsbrev<\/li><\/ul>\t\t\t\t\t\t\t\t<\/div>\n\t\t\t\t<\/div>\n\t\t\t\t\t<\/div>\n\t\t<\/div>\n\t\t\t\t\t<\/div>\n\t\t<\/section>\n\t\t\t\t<section class=\"elementor-section elementor-top-section elementor-element elementor-element-f9c9cc9 elementor-section-boxed elementor-section-height-default elementor-section-height-default\" data-id=\"f9c9cc9\" data-element_type=\"section\" data-settings=\"{&quot;background_background&quot;:&quot;classic&quot;,&quot;shape_divider_top&quot;:&quot;waves&quot;}\">\n\t\t\t\t\t<div class=\"elementor-shape elementor-shape-top\" aria-hidden=\"true\" data-negative=\"false\">\n\t\t\t<svg xmlns=\"http:\/\/www.w3.org\/2000\/svg\" viewbox=\"0 0 1000 100\" preserveaspectratio=\"none\">\n\t<path class=\"elementor-shape-fill\" d=\"M421.9,6.5c22.6-2.5,51.5,0.4,75.5,5.3c23.6,4.9,70.9,23.5,100.5,35.7c75.8,32.2,133.7,44.5,192.6,49.7\tc23.6,2.1,48.7,3.5,103.4-2.5c54.7-6,106.2-25.6,106.2-25.6V0H0v30.3c0,0,72,32.6,158.4,30.5c39.2-0.7,92.8-6.7,134-22.4\tc21.2-8.1,52.2-18.2,79.7-24.2C399.3,7.9,411.6,7.5,421.9,6.5z\"\/>\n<\/svg>\t\t<\/div>\n\t\t\t\t\t<div class=\"elementor-container elementor-column-gap-default\">\n\t\t\t\t\t<div class=\"elementor-column elementor-col-100 elementor-top-column elementor-element elementor-element-a09c02d\" data-id=\"a09c02d\" data-element_type=\"column\">\n\t\t\t<div class=\"elementor-widget-wrap elementor-element-populated\">\n\t\t\t\t\t\t<div class=\"elementor-element elementor-element-77df912 elementor-widget elementor-widget-heading\" data-id=\"77df912\" data-element_type=\"widget\" id=\"kontakta-mig\" data-widget_type=\"heading.default\">\n\t\t\t\t<div class=\"elementor-widget-container\">\n\t\t\t\t\t<h2 class=\"elementor-heading-title elementor-size-default\">P\u00f3ngase en contacto conmigo en<\/h2>\t\t\t\t<\/div>\n\t\t\t\t<\/div>\n\t\t\t\t<div class=\"elementor-element elementor-element-1317949 eael-caldera-form-button-custom elementor-widget elementor-widget-eael-caldera-form\" data-id=\"1317949\" data-element_type=\"widget\" data-widget_type=\"eael-caldera-form.default\">\n\t\t\t\t<div class=\"elementor-widget-container\">\n\t\t\t\t\t<center><strong>Caldera Forms<\/strong> ha cerrado el 5 de abril de 2022 y no est\u00e1 disponible para su descarga. Puedes probar los otros plugins de formularios en su lugar<\/center>\t\t\t\t<\/div>\n\t\t\t\t<\/div>\n\t\t\t\t\t<\/div>\n\t\t<\/div>\n\t\t\t\t\t<\/div>\n\t\t<\/section>\n\t\t\t\t<\/div>","protected":false},"excerpt":{"rendered":"<p>Mina tj\u00e4nster Ny webbsida &#8211; paketpris Beh\u00f6ver du en ny webbsida eller vill du g\u00f6ra om designen p\u00e5 din nuvarande? D\u00e5 kan jag hj\u00e4lpa dig!&nbsp; Utifr\u00e5n dina behov och \u00f6nskem\u00e5l utformar jag webbsidan och \u00e5terkopplar till dig under processens g\u00e5ng s\u00e5 att du kan ge kontinuerlig feedback. N\u00e4r sidan \u00e4r klar f\u00e5r du instruktioner s\u00e5 &hellip;<\/p>\n<p class=\"read-more\"> <a class=\"\" href=\"https:\/\/www.stinajuliawebb.se\/es\/mina-tjanster-2\/\"> <span class=\"screen-reader-text\">Mina tj\u00e4nsterold<\/span> Leer m\u00e1s &raquo;<\/a><\/p>","protected":false},"author":1,"featured_media":0,"parent":0,"menu_order":0,"comment_status":"closed","ping_status":"closed","template":"elementor_header_footer","meta":{"site-sidebar-layout":"no-sidebar","site-content-layout":"page-builder","ast-global-header-display":"","ast-banner-title-visibility":"","ast-main-header-display":"","ast-hfb-above-header-display":"","ast-hfb-below-header-display":"","ast-hfb-mobile-header-display":"","site-post-title":"disabled","ast-breadcrumbs-content":"","ast-featured-img":"disabled","footer-sml-layout":"","theme-transparent-header-meta":"default","adv-header-id-meta":"","stick-header-meta":"","header-above-stick-meta":"","header-main-stick-meta":"","header-below-stick-meta":"","footnotes":""},"class_list":["post-836","page","type-page","status-publish","hentry"],"yoast_head":"<!-- This site is optimized with the Yoast SEO plugin v20.7 - https:\/\/yoast.com\/wordpress\/plugins\/seo\/ -->\n<title>Mina tj\u00e4nsterold - Stina Julia Virtuell assistent<\/title>\n<meta name=\"robots\" content=\"index, follow, max-snippet:-1, max-image-preview:large, max-video-preview:-1\" \/>\n<link rel=\"canonical\" href=\"https:\/\/www.stinajuliawebb.se\/es\/mina-tjanster-2\/\" \/>\n<meta property=\"og:locale\" content=\"es_ES\" \/>\n<meta property=\"og:type\" content=\"article\" \/>\n<meta property=\"og:title\" content=\"Mina tj\u00e4nsterold - Stina Julia Virtuell assistent\" \/>\n<meta property=\"og:description\" content=\"Mina tj\u00e4nster Ny webbsida &#8211; paketpris Beh\u00f6ver du en ny webbsida eller vill du g\u00f6ra om designen p\u00e5 din nuvarande? D\u00e5 kan jag hj\u00e4lpa dig!&nbsp; Utifr\u00e5n dina behov och \u00f6nskem\u00e5l utformar jag webbsidan och \u00e5terkopplar till dig under processens g\u00e5ng s\u00e5 att du kan ge kontinuerlig feedback. N\u00e4r sidan \u00e4r klar f\u00e5r du instruktioner s\u00e5 &hellip; Mina tj\u00e4nsterold Leer m\u00e1s &raquo;\" \/>\n<meta property=\"og:url\" content=\"https:\/\/www.stinajuliawebb.se\/es\/mina-tjanster-2\/\" \/>\n<meta property=\"og:site_name\" content=\"Stina Julia Virtuell assistent\" \/>\n<meta property=\"article:modified_time\" content=\"2022-12-06T14:10:41+00:00\" \/>\n<meta name=\"twitter:card\" content=\"summary_large_image\" \/>\n<meta name=\"twitter:label1\" content=\"Tiempo de lectura\" \/>\n\t<meta name=\"twitter:data1\" content=\"1 minuto\" \/>\n<script type=\"application\/ld+json\" class=\"yoast-schema-graph\">{\"@context\":\"https:\/\/schema.org\",\"@graph\":[{\"@type\":\"WebPage\",\"@id\":\"https:\/\/www.stinajuliawebb.se\/mina-tjanster-2\/\",\"url\":\"https:\/\/www.stinajuliawebb.se\/mina-tjanster-2\/\",\"name\":\"Mina tj\u00e4nsterold - Stina Julia Virtuell assistent\",\"isPartOf\":{\"@id\":\"https:\/\/www.stinajuliawebb.se\/#website\"},\"datePublished\":\"2022-12-06T10:31:12+00:00\",\"dateModified\":\"2022-12-06T14:10:41+00:00\",\"breadcrumb\":{\"@id\":\"https:\/\/www.stinajuliawebb.se\/mina-tjanster-2\/#breadcrumb\"},\"inLanguage\":\"es\",\"potentialAction\":[{\"@type\":\"ReadAction\",\"target\":[\"https:\/\/www.stinajuliawebb.se\/mina-tjanster-2\/\"]}]},{\"@type\":\"BreadcrumbList\",\"@id\":\"https:\/\/www.stinajuliawebb.se\/mina-tjanster-2\/#breadcrumb\",\"itemListElement\":[{\"@type\":\"ListItem\",\"position\":1,\"name\":\"Hem\",\"item\":\"https:\/\/www.stinajuliawebb.se\/\"},{\"@type\":\"ListItem\",\"position\":2,\"name\":\"Mina tj\u00e4nsterold\"}]},{\"@type\":\"WebSite\",\"@id\":\"https:\/\/www.stinajuliawebb.se\/#website\",\"url\":\"https:\/\/www.stinajuliawebb.se\/\",\"name\":\"Stina Julia Webbdesign\",\"description\":\"\",\"publisher\":{\"@id\":\"https:\/\/www.stinajuliawebb.se\/#organization\"},\"potentialAction\":[{\"@type\":\"SearchAction\",\"target\":{\"@type\":\"EntryPoint\",\"urlTemplate\":\"https:\/\/www.stinajuliawebb.se\/?s={search_term_string}\"},\"query-input\":\"required name=search_term_string\"}],\"inLanguage\":\"es\"},{\"@type\":\"Organization\",\"@id\":\"https:\/\/www.stinajuliawebb.se\/#organization\",\"name\":\"Stina Julia Webbdesign\",\"url\":\"https:\/\/www.stinajuliawebb.se\/\",\"logo\":{\"@type\":\"ImageObject\",\"inLanguage\":\"es\",\"@id\":\"https:\/\/www.stinajuliawebb.se\/#\/schema\/logo\/image\/\",\"url\":\"https:\/\/www.stinajuliawebb.se\/wp-content\/uploads\/2020\/08\/logga_stinajulia.png\",\"contentUrl\":\"https:\/\/www.stinajuliawebb.se\/wp-content\/uploads\/2020\/08\/logga_stinajulia.png\",\"width\":243,\"height\":81,\"caption\":\"Stina Julia Webbdesign\"},\"image\":{\"@id\":\"https:\/\/www.stinajuliawebb.se\/#\/schema\/logo\/image\/\"}}]}<\/script>\n<!-- \/ Yoast SEO plugin. -->","yoast_head_json":{"title":"Mina tj\u00e4nsterold - Stina Julia Virtuell assistent","robots":{"index":"index","follow":"follow","max-snippet":"max-snippet:-1","max-image-preview":"max-image-preview:large","max-video-preview":"max-video-preview:-1"},"canonical":"https:\/\/www.stinajuliawebb.se\/es\/mina-tjanster-2\/","og_locale":"es_ES","og_type":"article","og_title":"Mina tj\u00e4nsterold - Stina Julia Virtuell assistent","og_description":"Mina tj\u00e4nster Ny webbsida &#8211; paketpris Beh\u00f6ver du en ny webbsida eller vill du g\u00f6ra om designen p\u00e5 din nuvarande? D\u00e5 kan jag hj\u00e4lpa dig!&nbsp; Utifr\u00e5n dina behov och \u00f6nskem\u00e5l utformar jag webbsidan och \u00e5terkopplar till dig under processens g\u00e5ng s\u00e5 att du kan ge kontinuerlig feedback. N\u00e4r sidan \u00e4r klar f\u00e5r du instruktioner s\u00e5 &hellip; Mina tj\u00e4nsterold Leer m\u00e1s &raquo;","og_url":"https:\/\/www.stinajuliawebb.se\/es\/mina-tjanster-2\/","og_site_name":"Stina Julia Virtuell assistent","article_modified_time":"2022-12-06T14:10:41+00:00","twitter_card":"summary_large_image","twitter_misc":{"Tiempo de lectura":"1 minuto"},"schema":{"@context":"https:\/\/schema.org","@graph":[{"@type":"WebPage","@id":"https:\/\/www.stinajuliawebb.se\/mina-tjanster-2\/","url":"https:\/\/www.stinajuliawebb.se\/mina-tjanster-2\/","name":"Mina tj\u00e4nsterold - Stina Julia Virtuell assistent","isPartOf":{"@id":"https:\/\/www.stinajuliawebb.se\/#website"},"datePublished":"2022-12-06T10:31:12+00:00","dateModified":"2022-12-06T14:10:41+00:00","breadcrumb":{"@id":"https:\/\/www.stinajuliawebb.se\/mina-tjanster-2\/#breadcrumb"},"inLanguage":"es","potentialAction":[{"@type":"ReadAction","target":["https:\/\/www.stinajuliawebb.se\/mina-tjanster-2\/"]}]},{"@type":"BreadcrumbList","@id":"https:\/\/www.stinajuliawebb.se\/mina-tjanster-2\/#breadcrumb","itemListElement":[{"@type":"ListItem","position":1,"name":"Hem","item":"https:\/\/www.stinajuliawebb.se\/"},{"@type":"ListItem","position":2,"name":"Mina tj\u00e4nsterold"}]},{"@type":"WebSite","@id":"https:\/\/www.stinajuliawebb.se\/#website","url":"https:\/\/www.stinajuliawebb.se\/","name":"Stina Julia Webbdesign","description":"","publisher":{"@id":"https:\/\/www.stinajuliawebb.se\/#organization"},"potentialAction":[{"@type":"SearchAction","target":{"@type":"EntryPoint","urlTemplate":"https:\/\/www.stinajuliawebb.se\/?s={search_term_string}"},"query-input":"required name=search_term_string"}],"inLanguage":"es"},{"@type":"Organization","@id":"https:\/\/www.stinajuliawebb.se\/#organization","name":"Stina Julia Webbdesign","url":"https:\/\/www.stinajuliawebb.se\/","logo":{"@type":"ImageObject","inLanguage":"es","@id":"https:\/\/www.stinajuliawebb.se\/#\/schema\/logo\/image\/","url":"https:\/\/www.stinajuliawebb.se\/wp-content\/uploads\/2020\/08\/logga_stinajulia.png","contentUrl":"https:\/\/www.stinajuliawebb.se\/wp-content\/uploads\/2020\/08\/logga_stinajulia.png","width":243,"height":81,"caption":"Stina Julia Webbdesign"},"image":{"@id":"https:\/\/www.stinajuliawebb.se\/#\/schema\/logo\/image\/"}}]}},"_links":{"self":[{"href":"https:\/\/www.stinajuliawebb.se\/es\/wp-json\/wp\/v2\/pages\/836","targetHints":{"allow":["GET"]}}],"collection":[{"href":"https:\/\/www.stinajuliawebb.se\/es\/wp-json\/wp\/v2\/pages"}],"about":[{"href":"https:\/\/www.stinajuliawebb.se\/es\/wp-json\/wp\/v2\/types\/page"}],"author":[{"embeddable":true,"href":"https:\/\/www.stinajuliawebb.se\/es\/wp-json\/wp\/v2\/users\/1"}],"replies":[{"embeddable":true,"href":"https:\/\/www.stinajuliawebb.se\/es\/wp-json\/wp\/v2\/comments?post=836"}],"version-history":[{"count":0,"href":"https:\/\/www.stinajuliawebb.se\/es\/wp-json\/wp\/v2\/pages\/836\/revisions"}],"wp:attachment":[{"href":"https:\/\/www.stinajuliawebb.se\/es\/wp-json\/wp\/v2\/media?parent=836"}],"curies":[{"name":"wp","href":"https:\/\/api.w.org\/{rel}","templated":true}]}}