{"id":755,"date":"2022-12-05T14:07:31","date_gmt":"2022-12-05T13:07:31","guid":{"rendered":"https:\/\/www.stinajuliawebb.se\/?page_id=755"},"modified":"2025-10-02T17:01:28","modified_gmt":"2025-10-02T15:01:28","slug":"home-2","status":"publish","type":"page","link":"https:\/\/www.stinajuliawebb.se\/es\/","title":{"rendered":"home"},"content":{"rendered":"<div data-elementor-type=\"wp-page\" data-elementor-id=\"755\" class=\"elementor elementor-755\">\n\t\t\t\t\t\t<section class=\"elementor-section elementor-top-section elementor-element elementor-element-493dd65 elementor-section-height-min-height elementor-section-items-top elementor-section-boxed elementor-section-height-default\" data-id=\"493dd65\" data-element_type=\"section\" data-settings=\"{&quot;background_background&quot;:&quot;slideshow&quot;,&quot;background_slideshow_gallery&quot;:[{&quot;id&quot;:505,&quot;url&quot;:&quot;https:\\\/\\\/www.stinajuliawebb.se\\\/wp-content\\\/uploads\\\/2020\\\/09\\\/portfolio_bakgrund.jpg&quot;}],&quot;shape_divider_top&quot;:&quot;waves&quot;,&quot;shape_divider_bottom&quot;:&quot;waves&quot;,&quot;background_slideshow_loop&quot;:&quot;yes&quot;,&quot;background_slideshow_slide_duration&quot;:5000,&quot;background_slideshow_slide_transition&quot;:&quot;fade&quot;,&quot;background_slideshow_transition_duration&quot;:500}\">\n\t\t\t\t\t\t\t<div class=\"elementor-background-overlay\"><\/div>\n\t\t\t\t\t\t<div class=\"elementor-shape elementor-shape-top\" aria-hidden=\"true\" data-negative=\"false\">\n\t\t\t<svg xmlns=\"http:\/\/www.w3.org\/2000\/svg\" viewbox=\"0 0 1000 100\" preserveaspectratio=\"none\">\n\t<path class=\"elementor-shape-fill\" d=\"M421.9,6.5c22.6-2.5,51.5,0.4,75.5,5.3c23.6,4.9,70.9,23.5,100.5,35.7c75.8,32.2,133.7,44.5,192.6,49.7\tc23.6,2.1,48.7,3.5,103.4-2.5c54.7-6,106.2-25.6,106.2-25.6V0H0v30.3c0,0,72,32.6,158.4,30.5c39.2-0.7,92.8-6.7,134-22.4\tc21.2-8.1,52.2-18.2,79.7-24.2C399.3,7.9,411.6,7.5,421.9,6.5z\"\/>\n<\/svg>\t\t<\/div>\n\t\t\t\t<div class=\"elementor-shape elementor-shape-bottom\" aria-hidden=\"true\" data-negative=\"false\">\n\t\t\t<svg xmlns=\"http:\/\/www.w3.org\/2000\/svg\" viewbox=\"0 0 1000 100\" preserveaspectratio=\"none\">\n\t<path class=\"elementor-shape-fill\" d=\"M421.9,6.5c22.6-2.5,51.5,0.4,75.5,5.3c23.6,4.9,70.9,23.5,100.5,35.7c75.8,32.2,133.7,44.5,192.6,49.7\tc23.6,2.1,48.7,3.5,103.4-2.5c54.7-6,106.2-25.6,106.2-25.6V0H0v30.3c0,0,72,32.6,158.4,30.5c39.2-0.7,92.8-6.7,134-22.4\tc21.2-8.1,52.2-18.2,79.7-24.2C399.3,7.9,411.6,7.5,421.9,6.5z\"\/>\n<\/svg>\t\t<\/div>\n\t\t\t\t\t<div class=\"elementor-container elementor-column-gap-default\">\n\t\t\t\t\t<div class=\"elementor-column elementor-col-100 elementor-top-column elementor-element elementor-element-d43f4e0\" data-id=\"d43f4e0\" data-element_type=\"column\">\n\t\t\t<div class=\"elementor-widget-wrap elementor-element-populated\">\n\t\t\t\t\t\t<div class=\"elementor-element elementor-element-2548989 elementor-widget elementor-widget-heading\" data-id=\"2548989\" data-element_type=\"widget\" data-widget_type=\"heading.default\">\n\t\t\t\t<div class=\"elementor-widget-container\">\n\t\t\t\t\t<h2 class=\"elementor-heading-title elementor-size-default\">\u00bfNecesita ayuda con la web\no comunicaci\u00f3n?<\/h2>\t\t\t\t<\/div>\n\t\t\t\t<\/div>\n\t\t\t\t<div class=\"elementor-element elementor-element-294ae46 elementor-widget elementor-widget-text-editor\" data-id=\"294ae46\" data-element_type=\"widget\" data-widget_type=\"text-editor.default\">\n\t\t\t\t<div class=\"elementor-widget-container\">\n\t\t\t\t\t\t\t\t\t<p>Entonces has venido al lugar adecuado. Como asistente virtual creativa, puedo ayudarte para que puedas centrarte en lo que mejor sabes hacer.<\/p>\t\t\t\t\t\t\t\t<\/div>\n\t\t\t\t<\/div>\n\t\t\t\t<div class=\"elementor-element elementor-element-fc676ef elementor-align-center start-button elementor-invisible elementor-widget elementor-widget-button\" data-id=\"fc676ef\" data-element_type=\"widget\" data-settings=\"{&quot;_animation&quot;:&quot;pulse&quot;}\" data-widget_type=\"button.default\">\n\t\t\t\t<div class=\"elementor-widget-container\">\n\t\t\t\t\t\t\t\t\t<div class=\"elementor-button-wrapper\">\n\t\t\t\t\t<a class=\"elementor-button elementor-button-link elementor-size-xl elementor-animation-grow\" href=\"?page_id=242\">\n\t\t\t\t\t\t<span class=\"elementor-button-content-wrapper\">\n\t\t\t\t\t\t\t\t\t<span class=\"elementor-button-text\">\u00bfQuiere saber m\u00e1s?<\/span>\n\t\t\t\t\t<\/span>\n\t\t\t\t\t<\/a>\n\t\t\t\t<\/div>\n\t\t\t\t\t\t\t\t<\/div>\n\t\t\t\t<\/div>\n\t\t\t\t\t<\/div>\n\t\t<\/div>\n\t\t\t\t\t<\/div>\n\t\t<\/section>\n\t\t\t\t<section class=\"elementor-section elementor-top-section elementor-element elementor-element-a17d6f0 elementor-section-boxed elementor-section-height-default elementor-section-height-default\" data-id=\"a17d6f0\" data-element_type=\"section\" data-settings=\"{&quot;background_background&quot;:&quot;classic&quot;,&quot;shape_divider_bottom&quot;:&quot;waves&quot;}\">\n\t\t\t\t\t<div class=\"elementor-shape elementor-shape-bottom\" aria-hidden=\"true\" data-negative=\"false\">\n\t\t\t<svg xmlns=\"http:\/\/www.w3.org\/2000\/svg\" viewbox=\"0 0 1000 100\" preserveaspectratio=\"none\">\n\t<path class=\"elementor-shape-fill\" d=\"M421.9,6.5c22.6-2.5,51.5,0.4,75.5,5.3c23.6,4.9,70.9,23.5,100.5,35.7c75.8,32.2,133.7,44.5,192.6,49.7\tc23.6,2.1,48.7,3.5,103.4-2.5c54.7-6,106.2-25.6,106.2-25.6V0H0v30.3c0,0,72,32.6,158.4,30.5c39.2-0.7,92.8-6.7,134-22.4\tc21.2-8.1,52.2-18.2,79.7-24.2C399.3,7.9,411.6,7.5,421.9,6.5z\"\/>\n<\/svg>\t\t<\/div>\n\t\t\t\t\t<div class=\"elementor-container elementor-column-gap-default\">\n\t\t\t\t\t<div class=\"elementor-column elementor-col-100 elementor-top-column elementor-element elementor-element-1a93b11\" data-id=\"1a93b11\" data-element_type=\"column\">\n\t\t\t<div class=\"elementor-widget-wrap elementor-element-populated\">\n\t\t\t\t\t\t<div class=\"elementor-element elementor-element-5cbbcb4 elementor-widget elementor-widget-heading\" data-id=\"5cbbcb4\" data-element_type=\"widget\" data-widget_type=\"heading.default\">\n\t\t\t\t<div class=\"elementor-widget-container\">\n\t\t\t\t\t<h2 class=\"elementor-heading-title elementor-size-default\">\u00bfA qu\u00e9 quiere dedicar tiempo?<\/h2>\t\t\t\t<\/div>\n\t\t\t\t<\/div>\n\t\t\t\t<div class=\"elementor-element elementor-element-84d52c5 values elementor-widget elementor-widget-text-editor\" data-id=\"84d52c5\" data-element_type=\"widget\" data-widget_type=\"text-editor.default\">\n\t\t\t\t<div class=\"elementor-widget-container\">\n\t\t\t\t\t\t\t\t\tHacerlo todo uno mismo lleva tiempo y no se puede ser experto en todo. Cuando contratas a un asistente virtual, obtienes alivio y no tienes que dedicar tiempo a aprender todo t\u00fa mismo desde cero. Puedes avanzar r\u00e1pidamente hacia una gran comunicaci\u00f3n y el conocimiento de c\u00f3mo utilizar diferentes herramientas digitales.\t\t\t\t\t\t\t\t<\/div>\n\t\t\t\t<\/div>\n\t\t\t\t\t<\/div>\n\t\t<\/div>\n\t\t\t\t\t<\/div>\n\t\t<\/section>\n\t\t\t\t<section class=\"elementor-section elementor-top-section elementor-element elementor-element-00119bb elementor-section-boxed elementor-section-height-default elementor-section-height-default\" data-id=\"00119bb\" data-element_type=\"section\" data-settings=\"{&quot;background_background&quot;:&quot;classic&quot;,&quot;shape_divider_bottom&quot;:&quot;waves&quot;}\">\n\t\t\t\t\t\t\t<div class=\"elementor-background-overlay\"><\/div>\n\t\t\t\t\t\t<div class=\"elementor-shape elementor-shape-bottom\" aria-hidden=\"true\" data-negative=\"false\">\n\t\t\t<svg xmlns=\"http:\/\/www.w3.org\/2000\/svg\" viewbox=\"0 0 1000 100\" preserveaspectratio=\"none\">\n\t<path class=\"elementor-shape-fill\" d=\"M421.9,6.5c22.6-2.5,51.5,0.4,75.5,5.3c23.6,4.9,70.9,23.5,100.5,35.7c75.8,32.2,133.7,44.5,192.6,49.7\tc23.6,2.1,48.7,3.5,103.4-2.5c54.7-6,106.2-25.6,106.2-25.6V0H0v30.3c0,0,72,32.6,158.4,30.5c39.2-0.7,92.8-6.7,134-22.4\tc21.2-8.1,52.2-18.2,79.7-24.2C399.3,7.9,411.6,7.5,421.9,6.5z\"\/>\n<\/svg>\t\t<\/div>\n\t\t\t\t\t<div class=\"elementor-container elementor-column-gap-default\">\n\t\t\t\t\t<div class=\"elementor-column elementor-col-100 elementor-top-column elementor-element elementor-element-60ac8a9\" data-id=\"60ac8a9\" data-element_type=\"column\">\n\t\t\t<div class=\"elementor-widget-wrap elementor-element-populated\">\n\t\t\t\t\t\t<div class=\"elementor-element elementor-element-dff340c elementor-widget elementor-widget-heading\" data-id=\"dff340c\" data-element_type=\"widget\" data-widget_type=\"heading.default\">\n\t\t\t\t<div class=\"elementor-widget-container\">\n\t\t\t\t\t<h2 class=\"elementor-heading-title elementor-size-default\">Ejemplo de cartera<\/h2>\t\t\t\t<\/div>\n\t\t\t\t<\/div>\n\t\t\t\t\t<\/div>\n\t\t<\/div>\n\t\t\t\t\t<\/div>\n\t\t<\/section>\n\t\t\t\t<section class=\"elementor-section elementor-top-section elementor-element elementor-element-ed5c1af elementor-section-boxed elementor-section-height-default elementor-section-height-default\" data-id=\"ed5c1af\" data-element_type=\"section\" data-settings=\"{&quot;background_background&quot;:&quot;classic&quot;}\">\n\t\t\t\t\t\t<div class=\"elementor-container elementor-column-gap-default\">\n\t\t\t\t\t<div class=\"elementor-column elementor-col-100 elementor-top-column elementor-element elementor-element-ca1b218\" data-id=\"ca1b218\" data-element_type=\"column\">\n\t\t\t<div class=\"elementor-widget-wrap elementor-element-populated\">\n\t\t\t\t\t\t<div class=\"elementor-element elementor-element-8fea615 elementor-widget elementor-widget-heading\" data-id=\"8fea615\" data-element_type=\"widget\" data-widget_type=\"heading.default\">\n\t\t\t\t<div class=\"elementor-widget-container\">\n\t\t\t\t\t<h2 class=\"elementor-heading-title elementor-size-default\">Sobre m\u00ed<\/h2>\t\t\t\t<\/div>\n\t\t\t\t<\/div>\n\t\t\t\t<section class=\"elementor-section elementor-inner-section elementor-element elementor-element-dc186df elementor-hidden-mobile elementor-section-boxed elementor-section-height-default elementor-section-height-default\" data-id=\"dc186df\" data-element_type=\"section\">\n\t\t\t\t\t\t<div class=\"elementor-container elementor-column-gap-default\">\n\t\t\t\t\t<div class=\"elementor-column elementor-col-100 elementor-inner-column elementor-element elementor-element-c983de1\" data-id=\"c983de1\" data-element_type=\"column\">\n\t\t\t<div class=\"elementor-widget-wrap elementor-element-populated\">\n\t\t\t\t\t\t<div class=\"elementor-element elementor-element-c0c0cab elementor-widget elementor-widget-text-editor\" data-id=\"c0c0cab\" data-element_type=\"widget\" data-widget_type=\"text-editor.default\">\n\t\t\t\t<div class=\"elementor-widget-container\">\n\t\t\t\t\t\t\t\t\t<p><img fetchpriority=\"high\" decoding=\"async\" class=\"alignleft wp-image-801\" src=\"https:\/\/www.stinajuliawebb.se\/wp-content\/uploads\/2022\/12\/stina-om-mig-5-233x300.png\" alt=\"Stina Julia - Om mig\" width=\"210\" height=\"270\" srcset=\"https:\/\/www.stinajuliawebb.se\/wp-content\/uploads\/2022\/12\/stina-om-mig-5-233x300.png 233w, https:\/\/www.stinajuliawebb.se\/wp-content\/uploads\/2022\/12\/stina-om-mig-5.png 388w\" sizes=\"(max-width: 210px) 100vw, 210px\" \/><\/p><p class=\"p1\">Soy una persona curiosa a la que le gusta resolver problemas. Tengo formaci\u00f3n y he trabajado tanto en dise\u00f1o gr\u00e1fico como en comunicaci\u00f3n y desarrollo web. Tambi\u00e9n me he formado en comunicaci\u00f3n sostenible y tengo un gran compromiso personal en este \u00e1mbito.\u00a0\u00a0<\/p><p>Vivo en Kolm\u00e5rden, a las afueras de Norrk\u00f6ping, pero trabajo a distancia y puedo aceptar encargos de empresas de toda Suecia (y del extranjero). Estoy encantado de ayudar a las peque\u00f1as empresas que necesitan un alivio cuando se trata de la web y la comunicaci\u00f3n.<\/p><p>Puede ponerse en contacto con nosotros a trav\u00e9s del siguiente formulario.<\/p>\t\t\t\t\t\t\t\t<\/div>\n\t\t\t\t<\/div>\n\t\t\t\t\t<\/div>\n\t\t<\/div>\n\t\t\t\t\t<\/div>\n\t\t<\/section>\n\t\t\t\t<section class=\"elementor-section elementor-inner-section elementor-element elementor-element-e81d960 elementor-hidden-desktop elementor-hidden-tablet elementor-section-boxed elementor-section-height-default elementor-section-height-default\" data-id=\"e81d960\" data-element_type=\"section\">\n\t\t\t\t\t\t<div class=\"elementor-container elementor-column-gap-default\">\n\t\t\t\t\t<div class=\"elementor-column elementor-col-100 elementor-inner-column elementor-element elementor-element-a721e15\" data-id=\"a721e15\" data-element_type=\"column\">\n\t\t\t<div class=\"elementor-widget-wrap elementor-element-populated\">\n\t\t\t\t\t\t<div class=\"elementor-element elementor-element-5a7a042 elementor-widget elementor-widget-text-editor\" data-id=\"5a7a042\" data-element_type=\"widget\" data-widget_type=\"text-editor.default\">\n\t\t\t\t<div class=\"elementor-widget-container\">\n\t\t\t\t\t\t\t\t\t<p><img decoding=\"async\" class=\"wp-image-801 aligncenter\" src=\"https:\/\/www.stinajuliawebb.se\/wp-content\/uploads\/2022\/12\/stina-om-mig-5-233x300.png\" alt=\"Stina Julia - Om mig\" width=\"210\" height=\"270\" srcset=\"https:\/\/www.stinajuliawebb.se\/wp-content\/uploads\/2022\/12\/stina-om-mig-5-233x300.png 233w, https:\/\/www.stinajuliawebb.se\/wp-content\/uploads\/2022\/12\/stina-om-mig-5.png 388w\" sizes=\"(max-width: 210px) 100vw, 210px\" \/><\/p><p class=\"p1\">Soy una persona curiosa a la que le gusta resolver problemas. Tengo estudios y he trabajado tanto en dise\u00f1o gr\u00e1fico como en comunicaci\u00f3n y desarrollo web. Tambi\u00e9n me he formado en comunicaci\u00f3n sostenible y tengo un gran compromiso personal en este \u00e1mbito.\u00a0\u00a0<\/p><p>Vivo en Kolm\u00e5rden, a las afueras de Norrk\u00f6ping, pero trabajo a distancia y puedo aceptar encargos de empresas de toda Suecia (y del extranjero). Estoy encantado de ayudar a las peque\u00f1as empresas que necesitan un alivio cuando se trata de la web y la comunicaci\u00f3n.<\/p><p>Puede ponerse en contacto con nosotros a trav\u00e9s del siguiente formulario.<\/p>\t\t\t\t\t\t\t\t<\/div>\n\t\t\t\t<\/div>\n\t\t\t\t\t<\/div>\n\t\t<\/div>\n\t\t\t\t\t<\/div>\n\t\t<\/section>\n\t\t\t\t\t<\/div>\n\t\t<\/div>\n\t\t\t\t\t<\/div>\n\t\t<\/section>\n\t\t\t\t<section class=\"elementor-section elementor-top-section elementor-element elementor-element-c195ec2 elementor-section-boxed elementor-section-height-default elementor-section-height-default\" data-id=\"c195ec2\" data-element_type=\"section\" data-settings=\"{&quot;background_background&quot;:&quot;classic&quot;,&quot;shape_divider_top&quot;:&quot;waves&quot;}\">\n\t\t\t\t\t<div class=\"elementor-shape elementor-shape-top\" aria-hidden=\"true\" data-negative=\"false\">\n\t\t\t<svg xmlns=\"http:\/\/www.w3.org\/2000\/svg\" viewbox=\"0 0 1000 100\" preserveaspectratio=\"none\">\n\t<path class=\"elementor-shape-fill\" d=\"M421.9,6.5c22.6-2.5,51.5,0.4,75.5,5.3c23.6,4.9,70.9,23.5,100.5,35.7c75.8,32.2,133.7,44.5,192.6,49.7\tc23.6,2.1,48.7,3.5,103.4-2.5c54.7-6,106.2-25.6,106.2-25.6V0H0v30.3c0,0,72,32.6,158.4,30.5c39.2-0.7,92.8-6.7,134-22.4\tc21.2-8.1,52.2-18.2,79.7-24.2C399.3,7.9,411.6,7.5,421.9,6.5z\"\/>\n<\/svg>\t\t<\/div>\n\t\t\t\t\t<div class=\"elementor-container elementor-column-gap-default\">\n\t\t\t\t\t<div class=\"elementor-column elementor-col-100 elementor-top-column elementor-element elementor-element-7f78211\" data-id=\"7f78211\" data-element_type=\"column\">\n\t\t\t<div class=\"elementor-widget-wrap elementor-element-populated\">\n\t\t\t\t\t\t<div class=\"elementor-element elementor-element-fd635bb elementor-widget elementor-widget-heading\" data-id=\"fd635bb\" data-element_type=\"widget\" id=\"kontakta-mig\" data-widget_type=\"heading.default\">\n\t\t\t\t<div class=\"elementor-widget-container\">\n\t\t\t\t\t<h2 class=\"elementor-heading-title elementor-size-default\">P\u00f3ngase en contacto conmigo en<\/h2>\t\t\t\t<\/div>\n\t\t\t\t<\/div>\n\t\t\t\t<section class=\"elementor-section elementor-inner-section elementor-element elementor-element-dca4185 elementor-section-boxed elementor-section-height-default elementor-section-height-default\" data-id=\"dca4185\" data-element_type=\"section\">\n\t\t\t\t\t\t<div class=\"elementor-container elementor-column-gap-default\">\n\t\t\t\t\t<div class=\"elementor-column elementor-col-100 elementor-inner-column elementor-element elementor-element-6ff4e06\" data-id=\"6ff4e06\" data-element_type=\"column\">\n\t\t\t<div class=\"elementor-widget-wrap elementor-element-populated\">\n\t\t\t\t\t\t<div class=\"elementor-element elementor-element-fb8cea1 elementor-widget elementor-widget-text-editor\" data-id=\"fb8cea1\" data-element_type=\"widget\" data-widget_type=\"text-editor.default\">\n\t\t\t\t<div class=\"elementor-widget-container\">\n\t\t\t\t\t\t\t\t\t<p>Kontakta mig via <strong><a href=\"mailto:stina.skold@gmail.com\">mail <\/a><\/strong>s\u00e5 pratar vi vidare om hur vi kan jobba tillsammans!<\/p>\t\t\t\t\t\t\t\t<\/div>\n\t\t\t\t<\/div>\n\t\t\t\t\t<\/div>\n\t\t<\/div>\n\t\t\t\t\t<\/div>\n\t\t<\/section>\n\t\t\t\t\t<\/div>\n\t\t<\/div>\n\t\t\t\t\t<\/div>\n\t\t<\/section>\n\t\t\t\t<\/div>","protected":false},"excerpt":{"rendered":"<p>Beh\u00f6ver du hj\u00e4lp med webb eller kommunikation? D\u00e5 har du kommit r\u00e4tt! Jag kan som kreativ virtuell assistent hj\u00e4lpa dig, s\u00e5 att du kan fokusera p\u00e5 det du g\u00f6r b\u00e4st! Vill du veta mer? Vad vill du l\u00e4gga tid p\u00e5? Det tar tid att g\u00f6ra allt p\u00e5 egen hand och det g\u00e5r inte att vara &hellip;<\/p>\n<p class=\"read-more\"> <a class=\"\" href=\"https:\/\/www.stinajuliawebb.se\/es\/\"> <span class=\"screen-reader-text\">home<\/span> Leer m\u00e1s &raquo;<\/a><\/p>","protected":false},"author":1,"featured_media":0,"parent":0,"menu_order":0,"comment_status":"closed","ping_status":"closed","template":"","meta":{"site-sidebar-layout":"no-sidebar","site-content-layout":"page-builder","ast-global-header-display":"","ast-banner-title-visibility":"","ast-main-header-display":"","ast-hfb-above-header-display":"","ast-hfb-below-header-display":"","ast-hfb-mobile-header-display":"","site-post-title":"disabled","ast-breadcrumbs-content":"","ast-featured-img":"disabled","footer-sml-layout":"","theme-transparent-header-meta":"default","adv-header-id-meta":"","stick-header-meta":"","header-above-stick-meta":"","header-main-stick-meta":"","header-below-stick-meta":"","footnotes":""},"class_list":["post-755","page","type-page","status-publish","hentry"],"yoast_head":"<!-- This site is optimized with the Yoast SEO plugin v20.7 - https:\/\/yoast.com\/wordpress\/plugins\/seo\/ -->\n<title>home - Stina Julia Virtuell assistent<\/title>\n<meta name=\"description\" content=\"Beh\u00f6ver du hj\u00e4lp med webb, sociala medier, kommunikation eller trycksaker?\" \/>\n<meta name=\"robots\" content=\"index, follow, max-snippet:-1, max-image-preview:large, max-video-preview:-1\" \/>\n<link rel=\"canonical\" href=\"https:\/\/www.stinajuliawebb.se\/es\/\" \/>\n<meta property=\"og:locale\" content=\"es_ES\" \/>\n<meta property=\"og:type\" content=\"article\" \/>\n<meta property=\"og:title\" content=\"home - Stina Julia Virtuell assistent\" \/>\n<meta property=\"og:description\" content=\"Beh\u00f6ver du hj\u00e4lp med webb, sociala medier, kommunikation eller trycksaker?\" \/>\n<meta property=\"og:url\" content=\"https:\/\/www.stinajuliawebb.se\/es\/\" \/>\n<meta property=\"og:site_name\" content=\"Stina Julia Virtuell assistent\" \/>\n<meta property=\"article:modified_time\" content=\"2025-10-02T15:01:28+00:00\" \/>\n<meta property=\"og:image\" content=\"https:\/\/www.stinajuliawebb.se\/wp-content\/uploads\/2022\/12\/stina-om-mig-5-233x300.png\" \/>\n<meta name=\"twitter:card\" content=\"summary_large_image\" \/>\n<meta name=\"twitter:label1\" content=\"Tiempo de lectura\" \/>\n\t<meta name=\"twitter:data1\" content=\"2 minutos\" \/>\n<script type=\"application\/ld+json\" class=\"yoast-schema-graph\">{\"@context\":\"https:\/\/schema.org\",\"@graph\":[{\"@type\":\"WebPage\",\"@id\":\"https:\/\/www.stinajuliawebb.se\/\",\"url\":\"https:\/\/www.stinajuliawebb.se\/\",\"name\":\"home - Stina Julia Virtuell assistent\",\"isPartOf\":{\"@id\":\"https:\/\/www.stinajuliawebb.se\/#website\"},\"datePublished\":\"2022-12-05T13:07:31+00:00\",\"dateModified\":\"2025-10-02T15:01:28+00:00\",\"description\":\"Beh\u00f6ver du hj\u00e4lp med webb, sociala medier, kommunikation eller trycksaker?\",\"breadcrumb\":{\"@id\":\"https:\/\/www.stinajuliawebb.se\/#breadcrumb\"},\"inLanguage\":\"es\",\"potentialAction\":[{\"@type\":\"ReadAction\",\"target\":[\"https:\/\/www.stinajuliawebb.se\/\"]}]},{\"@type\":\"BreadcrumbList\",\"@id\":\"https:\/\/www.stinajuliawebb.se\/#breadcrumb\",\"itemListElement\":[{\"@type\":\"ListItem\",\"position\":1,\"name\":\"Hem\",\"item\":\"https:\/\/www.stinajuliawebb.se\/\"},{\"@type\":\"ListItem\",\"position\":2,\"name\":\"home\"}]},{\"@type\":\"WebSite\",\"@id\":\"https:\/\/www.stinajuliawebb.se\/#website\",\"url\":\"https:\/\/www.stinajuliawebb.se\/\",\"name\":\"Stina Julia Webbdesign\",\"description\":\"\",\"publisher\":{\"@id\":\"https:\/\/www.stinajuliawebb.se\/#organization\"},\"potentialAction\":[{\"@type\":\"SearchAction\",\"target\":{\"@type\":\"EntryPoint\",\"urlTemplate\":\"https:\/\/www.stinajuliawebb.se\/?s={search_term_string}\"},\"query-input\":\"required name=search_term_string\"}],\"inLanguage\":\"es\"},{\"@type\":\"Organization\",\"@id\":\"https:\/\/www.stinajuliawebb.se\/#organization\",\"name\":\"Stina Julia Webbdesign\",\"url\":\"https:\/\/www.stinajuliawebb.se\/\",\"logo\":{\"@type\":\"ImageObject\",\"inLanguage\":\"es\",\"@id\":\"https:\/\/www.stinajuliawebb.se\/#\/schema\/logo\/image\/\",\"url\":\"https:\/\/www.stinajuliawebb.se\/wp-content\/uploads\/2020\/08\/logga_stinajulia.png\",\"contentUrl\":\"https:\/\/www.stinajuliawebb.se\/wp-content\/uploads\/2020\/08\/logga_stinajulia.png\",\"width\":243,\"height\":81,\"caption\":\"Stina Julia Webbdesign\"},\"image\":{\"@id\":\"https:\/\/www.stinajuliawebb.se\/#\/schema\/logo\/image\/\"}}]}<\/script>\n<!-- \/ Yoast SEO plugin. -->","yoast_head_json":{"title":"home - Stina Julia Virtuell assistent","description":"Beh\u00f6ver du hj\u00e4lp med webb, sociala medier, kommunikation eller trycksaker?","robots":{"index":"index","follow":"follow","max-snippet":"max-snippet:-1","max-image-preview":"max-image-preview:large","max-video-preview":"max-video-preview:-1"},"canonical":"https:\/\/www.stinajuliawebb.se\/es\/","og_locale":"es_ES","og_type":"article","og_title":"home - Stina Julia Virtuell assistent","og_description":"Beh\u00f6ver du hj\u00e4lp med webb, sociala medier, kommunikation eller trycksaker?","og_url":"https:\/\/www.stinajuliawebb.se\/es\/","og_site_name":"Stina Julia Virtuell assistent","article_modified_time":"2025-10-02T15:01:28+00:00","og_image":[{"url":"https:\/\/www.stinajuliawebb.se\/wp-content\/uploads\/2022\/12\/stina-om-mig-5-233x300.png"}],"twitter_card":"summary_large_image","twitter_misc":{"Tiempo de lectura":"2 minutos"},"schema":{"@context":"https:\/\/schema.org","@graph":[{"@type":"WebPage","@id":"https:\/\/www.stinajuliawebb.se\/","url":"https:\/\/www.stinajuliawebb.se\/","name":"home - Stina Julia Virtuell assistent","isPartOf":{"@id":"https:\/\/www.stinajuliawebb.se\/#website"},"datePublished":"2022-12-05T13:07:31+00:00","dateModified":"2025-10-02T15:01:28+00:00","description":"Beh\u00f6ver du hj\u00e4lp med webb, sociala medier, kommunikation eller trycksaker?","breadcrumb":{"@id":"https:\/\/www.stinajuliawebb.se\/#breadcrumb"},"inLanguage":"es","potentialAction":[{"@type":"ReadAction","target":["https:\/\/www.stinajuliawebb.se\/"]}]},{"@type":"BreadcrumbList","@id":"https:\/\/www.stinajuliawebb.se\/#breadcrumb","itemListElement":[{"@type":"ListItem","position":1,"name":"Hem","item":"https:\/\/www.stinajuliawebb.se\/"},{"@type":"ListItem","position":2,"name":"home"}]},{"@type":"WebSite","@id":"https:\/\/www.stinajuliawebb.se\/#website","url":"https:\/\/www.stinajuliawebb.se\/","name":"Stina Julia Webbdesign","description":"","publisher":{"@id":"https:\/\/www.stinajuliawebb.se\/#organization"},"potentialAction":[{"@type":"SearchAction","target":{"@type":"EntryPoint","urlTemplate":"https:\/\/www.stinajuliawebb.se\/?s={search_term_string}"},"query-input":"required name=search_term_string"}],"inLanguage":"es"},{"@type":"Organization","@id":"https:\/\/www.stinajuliawebb.se\/#organization","name":"Stina Julia Webbdesign","url":"https:\/\/www.stinajuliawebb.se\/","logo":{"@type":"ImageObject","inLanguage":"es","@id":"https:\/\/www.stinajuliawebb.se\/#\/schema\/logo\/image\/","url":"https:\/\/www.stinajuliawebb.se\/wp-content\/uploads\/2020\/08\/logga_stinajulia.png","contentUrl":"https:\/\/www.stinajuliawebb.se\/wp-content\/uploads\/2020\/08\/logga_stinajulia.png","width":243,"height":81,"caption":"Stina Julia Webbdesign"},"image":{"@id":"https:\/\/www.stinajuliawebb.se\/#\/schema\/logo\/image\/"}}]}},"_links":{"self":[{"href":"https:\/\/www.stinajuliawebb.se\/es\/wp-json\/wp\/v2\/pages\/755","targetHints":{"allow":["GET"]}}],"collection":[{"href":"https:\/\/www.stinajuliawebb.se\/es\/wp-json\/wp\/v2\/pages"}],"about":[{"href":"https:\/\/www.stinajuliawebb.se\/es\/wp-json\/wp\/v2\/types\/page"}],"author":[{"embeddable":true,"href":"https:\/\/www.stinajuliawebb.se\/es\/wp-json\/wp\/v2\/users\/1"}],"replies":[{"embeddable":true,"href":"https:\/\/www.stinajuliawebb.se\/es\/wp-json\/wp\/v2\/comments?post=755"}],"version-history":[{"count":0,"href":"https:\/\/www.stinajuliawebb.se\/es\/wp-json\/wp\/v2\/pages\/755\/revisions"}],"wp:attachment":[{"href":"https:\/\/www.stinajuliawebb.se\/es\/wp-json\/wp\/v2\/media?parent=755"}],"curies":[{"name":"wp","href":"https:\/\/api.w.org\/{rel}","templated":true}]}}