{"id":365,"date":"2020-09-02T16:25:41","date_gmt":"2020-09-02T14:25:41","guid":{"rendered":"https:\/\/stina.us.to\/wp14\/?page_id=365"},"modified":"2025-10-10T13:38:31","modified_gmt":"2025-10-10T11:38:31","slug":"hallbarhet","status":"publish","type":"page","link":"https:\/\/www.stinajuliawebb.se\/es\/hallbarhet\/","title":{"rendered":"Pol\u00edtica de sostenibilidad"},"content":{"rendered":"<div data-elementor-type=\"wp-page\" data-elementor-id=\"365\" class=\"elementor elementor-365\">\n\t\t\t\t\t\t<section class=\"elementor-section elementor-top-section elementor-element elementor-element-c96a1b9 elementor-section-boxed elementor-section-height-default elementor-section-height-default\" data-id=\"c96a1b9\" data-element_type=\"section\" data-settings=\"{&quot;background_background&quot;:&quot;classic&quot;,&quot;shape_divider_top&quot;:&quot;waves&quot;}\">\n\t\t\t\t\t<div class=\"elementor-shape elementor-shape-top\" aria-hidden=\"true\" data-negative=\"false\">\n\t\t\t<svg xmlns=\"http:\/\/www.w3.org\/2000\/svg\" viewbox=\"0 0 1000 100\" preserveaspectratio=\"none\">\n\t<path class=\"elementor-shape-fill\" d=\"M421.9,6.5c22.6-2.5,51.5,0.4,75.5,5.3c23.6,4.9,70.9,23.5,100.5,35.7c75.8,32.2,133.7,44.5,192.6,49.7\tc23.6,2.1,48.7,3.5,103.4-2.5c54.7-6,106.2-25.6,106.2-25.6V0H0v30.3c0,0,72,32.6,158.4,30.5c39.2-0.7,92.8-6.7,134-22.4\tc21.2-8.1,52.2-18.2,79.7-24.2C399.3,7.9,411.6,7.5,421.9,6.5z\"\/>\n<\/svg>\t\t<\/div>\n\t\t\t\t\t<div class=\"elementor-container elementor-column-gap-default\">\n\t\t\t\t\t<div class=\"elementor-column elementor-col-100 elementor-top-column elementor-element elementor-element-6e3efad\" data-id=\"6e3efad\" data-element_type=\"column\">\n\t\t\t<div class=\"elementor-widget-wrap elementor-element-populated\">\n\t\t\t\t\t\t<div class=\"elementor-element elementor-element-22ac490 elementor-widget elementor-widget-heading\" data-id=\"22ac490\" data-element_type=\"widget\" data-widget_type=\"heading.default\">\n\t\t\t\t<div class=\"elementor-widget-container\">\n\t\t\t\t\t<h2 class=\"elementor-heading-title elementor-size-default\">Pol\u00edtica de sostenibilidad<\/h2>\t\t\t\t<\/div>\n\t\t\t\t<\/div>\n\t\t\t\t\t<\/div>\n\t\t<\/div>\n\t\t\t\t\t<\/div>\n\t\t<\/section>\n\t\t\t\t<section class=\"elementor-section elementor-top-section elementor-element elementor-element-fda4663 elementor-section-boxed elementor-section-height-default elementor-section-height-default\" data-id=\"fda4663\" data-element_type=\"section\" data-settings=\"{&quot;background_background&quot;:&quot;classic&quot;}\">\n\t\t\t\t\t\t<div class=\"elementor-container elementor-column-gap-default\">\n\t\t\t\t\t<div class=\"elementor-column elementor-col-100 elementor-top-column elementor-element elementor-element-fdaea86\" data-id=\"fdaea86\" data-element_type=\"column\">\n\t\t\t<div class=\"elementor-widget-wrap elementor-element-populated\">\n\t\t\t\t\t\t<div class=\"elementor-element elementor-element-acea563 elementor-icon-list--layout-traditional elementor-list-item-link-full_width elementor-widget elementor-widget-icon-list\" data-id=\"acea563\" data-element_type=\"widget\" data-widget_type=\"icon-list.default\">\n\t\t\t\t<div class=\"elementor-widget-container\">\n\t\t\t\t\t\t\t<ul class=\"elementor-icon-list-items\">\n\t\t\t\t\t\t\t<li class=\"elementor-icon-list-item\">\n\t\t\t\t\t\t\t\t\t\t\t<span class=\"elementor-icon-list-icon\">\n\t\t\t\t\t\t\t<i aria-hidden=\"true\" class=\"far fa-heart\"><\/i>\t\t\t\t\t\t<\/span>\n\t\t\t\t\t\t\t\t\t\t<span class=\"elementor-icon-list-text\">Jag t\u00e4nker p\u00e5 milj\u00f6aspekter vid val av olika tj\u00e4nster och produkter.<\/span>\n\t\t\t\t\t\t\t\t\t<\/li>\n\t\t\t\t\t\t\t\t<li class=\"elementor-icon-list-item\">\n\t\t\t\t\t\t\t\t\t\t\t<span class=\"elementor-icon-list-icon\">\n\t\t\t\t\t\t\t<i aria-hidden=\"true\" class=\"far fa-heart\"><\/i>\t\t\t\t\t\t<\/span>\n\t\t\t\t\t\t\t\t\t\t<span class=\"elementor-icon-list-text\">Jag undviker resor och anv\u00e4nder digitala verktyg f\u00f6r att kommunicera med kunder.\u00a0<\/span>\n\t\t\t\t\t\t\t\t\t<\/li>\n\t\t\t\t\t\t\t\t<li class=\"elementor-icon-list-item\">\n\t\t\t\t\t\t\t\t\t\t\t<span class=\"elementor-icon-list-icon\">\n\t\t\t\t\t\t\t<i aria-hidden=\"true\" class=\"far fa-heart\"><\/i>\t\t\t\t\t\t<\/span>\n\t\t\t\t\t\t\t\t\t\t<span class=\"elementor-icon-list-text\">Jag arbetar f\u00f6r att ha s\u00e5 l\u00e5g energif\u00f6rbrukning som m\u00f6jligt.<\/span>\n\t\t\t\t\t\t\t\t\t<\/li>\n\t\t\t\t\t\t\t\t<li class=\"elementor-icon-list-item\">\n\t\t\t\t\t\t\t\t\t\t\t<span class=\"elementor-icon-list-icon\">\n\t\t\t\t\t\t\t<i aria-hidden=\"true\" class=\"far fa-heart\"><\/i>\t\t\t\t\t\t<\/span>\n\t\t\t\t\t\t\t\t\t\t<span class=\"elementor-icon-list-text\">Vid ink\u00f6p av utrustning v\u00e4ljer jag begagnat i f\u00f6rsta hand.<\/span>\n\t\t\t\t\t\t\t\t\t<\/li>\n\t\t\t\t\t\t\t\t<li class=\"elementor-icon-list-item\">\n\t\t\t\t\t\t\t\t\t\t\t<span class=\"elementor-icon-list-icon\">\n\t\t\t\t\t\t\t<i aria-hidden=\"true\" class=\"far fa-heart\"><\/i>\t\t\t\t\t\t<\/span>\n\t\t\t\t\t\t\t\t\t\t<span class=\"elementor-icon-list-text\">Jag riktar mig mot f\u00f6retag som medverkar till yttre eller inre h\u00e5llbarhet p\u00e5 n\u00e5got s\u00e4tt. <\/span>\n\t\t\t\t\t\t\t\t\t<\/li>\n\t\t\t\t\t\t<\/ul>\n\t\t\t\t\t\t<\/div>\n\t\t\t\t<\/div>\n\t\t\t\t\t<\/div>\n\t\t<\/div>\n\t\t\t\t\t<\/div>\n\t\t<\/section>\n\t\t\t\t<section class=\"elementor-section elementor-top-section elementor-element elementor-element-f9c9cc9 elementor-section-boxed elementor-section-height-default elementor-section-height-default\" data-id=\"f9c9cc9\" data-element_type=\"section\" data-settings=\"{&quot;background_background&quot;:&quot;classic&quot;,&quot;shape_divider_top&quot;:&quot;waves&quot;}\">\n\t\t\t\t\t<div class=\"elementor-shape elementor-shape-top\" aria-hidden=\"true\" data-negative=\"false\">\n\t\t\t<svg xmlns=\"http:\/\/www.w3.org\/2000\/svg\" viewbox=\"0 0 1000 100\" preserveaspectratio=\"none\">\n\t<path class=\"elementor-shape-fill\" d=\"M421.9,6.5c22.6-2.5,51.5,0.4,75.5,5.3c23.6,4.9,70.9,23.5,100.5,35.7c75.8,32.2,133.7,44.5,192.6,49.7\tc23.6,2.1,48.7,3.5,103.4-2.5c54.7-6,106.2-25.6,106.2-25.6V0H0v30.3c0,0,72,32.6,158.4,30.5c39.2-0.7,92.8-6.7,134-22.4\tc21.2-8.1,52.2-18.2,79.7-24.2C399.3,7.9,411.6,7.5,421.9,6.5z\"\/>\n<\/svg>\t\t<\/div>\n\t\t\t\t\t<div class=\"elementor-container elementor-column-gap-default\">\n\t\t\t\t\t<div class=\"elementor-column elementor-col-100 elementor-top-column elementor-element elementor-element-a09c02d\" data-id=\"a09c02d\" data-element_type=\"column\">\n\t\t\t<div class=\"elementor-widget-wrap elementor-element-populated\">\n\t\t\t\t\t\t<div class=\"elementor-element elementor-element-77df912 elementor-widget elementor-widget-heading\" data-id=\"77df912\" data-element_type=\"widget\" id=\"kontakta-mig\" data-widget_type=\"heading.default\">\n\t\t\t\t<div class=\"elementor-widget-container\">\n\t\t\t\t\t<h2 class=\"elementor-heading-title elementor-size-default\">P\u00f3ngase en contacto conmigo en<\/h2>\t\t\t\t<\/div>\n\t\t\t\t<\/div>\n\t\t\t\t<div class=\"elementor-element elementor-element-013dc9c elementor-widget elementor-widget-text-editor\" data-id=\"013dc9c\" data-element_type=\"widget\" data-widget_type=\"text-editor.default\">\n\t\t\t\t<div class=\"elementor-widget-container\">\n\t\t\t\t\t\t\t\t\t<p>Kontakta mig via <strong><a href=\"mailto:stina.skold@gmail.com\">mail <\/a><\/strong>s\u00e5 pratar vi vidare om hur vi kan jobba tillsammans!<\/p>\t\t\t\t\t\t\t\t<\/div>\n\t\t\t\t<\/div>\n\t\t\t\t\t<\/div>\n\t\t<\/div>\n\t\t\t\t\t<\/div>\n\t\t<\/section>\n\t\t\t\t<\/div>","protected":false},"excerpt":{"rendered":"<p>H\u00e5llbarhetspolicy Jag t\u00e4nker p\u00e5 milj\u00f6aspekter vid val av olika tj\u00e4nster och produkter. Jag undviker resor och anv\u00e4nder digitala verktyg f\u00f6r att kommunicera med kunder.\u00a0 Jag arbetar f\u00f6r att ha s\u00e5 l\u00e5g energif\u00f6rbrukning som m\u00f6jligt. Vid ink\u00f6p av utrustning v\u00e4ljer jag begagnat i f\u00f6rsta hand. Jag riktar mig mot f\u00f6retag som medverkar till yttre eller inre &hellip;<\/p>\n<p class=\"read-more\"> <a class=\"\" href=\"https:\/\/www.stinajuliawebb.se\/es\/hallbarhet\/\"> <span class=\"screen-reader-text\">Pol\u00edtica de sostenibilidad<\/span> Leer m\u00e1s &raquo;<\/a><\/p>","protected":false},"author":3,"featured_media":0,"parent":0,"menu_order":0,"comment_status":"closed","ping_status":"closed","template":"elementor_header_footer","meta":{"site-sidebar-layout":"no-sidebar","site-content-layout":"page-builder","ast-global-header-display":"","ast-banner-title-visibility":"","ast-main-header-display":"","ast-hfb-above-header-display":"","ast-hfb-below-header-display":"","ast-hfb-mobile-header-display":"","site-post-title":"disabled","ast-breadcrumbs-content":"","ast-featured-img":"disabled","footer-sml-layout":"","theme-transparent-header-meta":"default","adv-header-id-meta":"","stick-header-meta":"","header-above-stick-meta":"","header-main-stick-meta":"","header-below-stick-meta":"","footnotes":""},"class_list":["post-365","page","type-page","status-publish","hentry"],"yoast_head":"<!-- This site is optimized with the Yoast SEO plugin v20.7 - https:\/\/yoast.com\/wordpress\/plugins\/seo\/ -->\n<title>H\u00e5llbarhetspolicy - Stina Julia Virtuell assistent<\/title>\n<meta name=\"description\" content=\"Jag t\u00e4nker p\u00e5 milj\u00f6aspekter vid val av webbhotell och andra tj\u00e4nster. Jag undviker resor och anv\u00e4nder digitala verktyg f\u00f6r att kommunicera med kunder.\" \/>\n<meta name=\"robots\" content=\"index, follow, max-snippet:-1, max-image-preview:large, max-video-preview:-1\" \/>\n<link rel=\"canonical\" href=\"https:\/\/www.stinajuliawebb.se\/es\/hallbarhet\/\" \/>\n<meta property=\"og:locale\" content=\"es_ES\" \/>\n<meta property=\"og:type\" content=\"article\" \/>\n<meta property=\"og:title\" content=\"H\u00e5llbarhetspolicy - Stina Julia Virtuell assistent\" \/>\n<meta property=\"og:description\" content=\"Jag t\u00e4nker p\u00e5 milj\u00f6aspekter vid val av webbhotell och andra tj\u00e4nster. Jag undviker resor och anv\u00e4nder digitala verktyg f\u00f6r att kommunicera med kunder.\" \/>\n<meta property=\"og:url\" content=\"https:\/\/www.stinajuliawebb.se\/es\/hallbarhet\/\" \/>\n<meta property=\"og:site_name\" content=\"Stina Julia Virtuell assistent\" \/>\n<meta property=\"article:modified_time\" content=\"2025-10-10T11:38:31+00:00\" \/>\n<meta name=\"twitter:card\" content=\"summary_large_image\" \/>\n<meta name=\"twitter:label1\" content=\"Tiempo de lectura\" \/>\n\t<meta name=\"twitter:data1\" content=\"1 minuto\" \/>\n<script type=\"application\/ld+json\" class=\"yoast-schema-graph\">{\"@context\":\"https:\/\/schema.org\",\"@graph\":[{\"@type\":\"WebPage\",\"@id\":\"https:\/\/www.stinajuliawebb.se\/hallbarhet\/\",\"url\":\"https:\/\/www.stinajuliawebb.se\/hallbarhet\/\",\"name\":\"H\u00e5llbarhetspolicy - Stina Julia Virtuell assistent\",\"isPartOf\":{\"@id\":\"https:\/\/www.stinajuliawebb.se\/#website\"},\"datePublished\":\"2020-09-02T14:25:41+00:00\",\"dateModified\":\"2025-10-10T11:38:31+00:00\",\"description\":\"Jag t\u00e4nker p\u00e5 milj\u00f6aspekter vid val av webbhotell och andra tj\u00e4nster. Jag undviker resor och anv\u00e4nder digitala verktyg f\u00f6r att kommunicera med kunder.\",\"breadcrumb\":{\"@id\":\"https:\/\/www.stinajuliawebb.se\/hallbarhet\/#breadcrumb\"},\"inLanguage\":\"es\",\"potentialAction\":[{\"@type\":\"ReadAction\",\"target\":[\"https:\/\/www.stinajuliawebb.se\/hallbarhet\/\"]}]},{\"@type\":\"BreadcrumbList\",\"@id\":\"https:\/\/www.stinajuliawebb.se\/hallbarhet\/#breadcrumb\",\"itemListElement\":[{\"@type\":\"ListItem\",\"position\":1,\"name\":\"Hem\",\"item\":\"https:\/\/www.stinajuliawebb.se\/\"},{\"@type\":\"ListItem\",\"position\":2,\"name\":\"H\u00e5llbarhetspolicy\"}]},{\"@type\":\"WebSite\",\"@id\":\"https:\/\/www.stinajuliawebb.se\/#website\",\"url\":\"https:\/\/www.stinajuliawebb.se\/\",\"name\":\"Stina Julia Webbdesign\",\"description\":\"\",\"publisher\":{\"@id\":\"https:\/\/www.stinajuliawebb.se\/#organization\"},\"potentialAction\":[{\"@type\":\"SearchAction\",\"target\":{\"@type\":\"EntryPoint\",\"urlTemplate\":\"https:\/\/www.stinajuliawebb.se\/?s={search_term_string}\"},\"query-input\":\"required name=search_term_string\"}],\"inLanguage\":\"es\"},{\"@type\":\"Organization\",\"@id\":\"https:\/\/www.stinajuliawebb.se\/#organization\",\"name\":\"Stina Julia Webbdesign\",\"url\":\"https:\/\/www.stinajuliawebb.se\/\",\"logo\":{\"@type\":\"ImageObject\",\"inLanguage\":\"es\",\"@id\":\"https:\/\/www.stinajuliawebb.se\/#\/schema\/logo\/image\/\",\"url\":\"https:\/\/www.stinajuliawebb.se\/wp-content\/uploads\/2020\/08\/logga_stinajulia.png\",\"contentUrl\":\"https:\/\/www.stinajuliawebb.se\/wp-content\/uploads\/2020\/08\/logga_stinajulia.png\",\"width\":243,\"height\":81,\"caption\":\"Stina Julia Webbdesign\"},\"image\":{\"@id\":\"https:\/\/www.stinajuliawebb.se\/#\/schema\/logo\/image\/\"}}]}<\/script>\n<!-- \/ Yoast SEO plugin. -->","yoast_head_json":{"title":"H\u00e5llbarhetspolicy - Stina Julia Virtuell assistent","description":"Jag t\u00e4nker p\u00e5 milj\u00f6aspekter vid val av webbhotell och andra tj\u00e4nster. Jag undviker resor och anv\u00e4nder digitala verktyg f\u00f6r att kommunicera med kunder.","robots":{"index":"index","follow":"follow","max-snippet":"max-snippet:-1","max-image-preview":"max-image-preview:large","max-video-preview":"max-video-preview:-1"},"canonical":"https:\/\/www.stinajuliawebb.se\/es\/hallbarhet\/","og_locale":"es_ES","og_type":"article","og_title":"H\u00e5llbarhetspolicy - Stina Julia Virtuell assistent","og_description":"Jag t\u00e4nker p\u00e5 milj\u00f6aspekter vid val av webbhotell och andra tj\u00e4nster. Jag undviker resor och anv\u00e4nder digitala verktyg f\u00f6r att kommunicera med kunder.","og_url":"https:\/\/www.stinajuliawebb.se\/es\/hallbarhet\/","og_site_name":"Stina Julia Virtuell assistent","article_modified_time":"2025-10-10T11:38:31+00:00","twitter_card":"summary_large_image","twitter_misc":{"Tiempo de lectura":"1 minuto"},"schema":{"@context":"https:\/\/schema.org","@graph":[{"@type":"WebPage","@id":"https:\/\/www.stinajuliawebb.se\/hallbarhet\/","url":"https:\/\/www.stinajuliawebb.se\/hallbarhet\/","name":"H\u00e5llbarhetspolicy - Stina Julia Virtuell assistent","isPartOf":{"@id":"https:\/\/www.stinajuliawebb.se\/#website"},"datePublished":"2020-09-02T14:25:41+00:00","dateModified":"2025-10-10T11:38:31+00:00","description":"Jag t\u00e4nker p\u00e5 milj\u00f6aspekter vid val av webbhotell och andra tj\u00e4nster. Jag undviker resor och anv\u00e4nder digitala verktyg f\u00f6r att kommunicera med kunder.","breadcrumb":{"@id":"https:\/\/www.stinajuliawebb.se\/hallbarhet\/#breadcrumb"},"inLanguage":"es","potentialAction":[{"@type":"ReadAction","target":["https:\/\/www.stinajuliawebb.se\/hallbarhet\/"]}]},{"@type":"BreadcrumbList","@id":"https:\/\/www.stinajuliawebb.se\/hallbarhet\/#breadcrumb","itemListElement":[{"@type":"ListItem","position":1,"name":"Hem","item":"https:\/\/www.stinajuliawebb.se\/"},{"@type":"ListItem","position":2,"name":"H\u00e5llbarhetspolicy"}]},{"@type":"WebSite","@id":"https:\/\/www.stinajuliawebb.se\/#website","url":"https:\/\/www.stinajuliawebb.se\/","name":"Stina Julia Webbdesign","description":"","publisher":{"@id":"https:\/\/www.stinajuliawebb.se\/#organization"},"potentialAction":[{"@type":"SearchAction","target":{"@type":"EntryPoint","urlTemplate":"https:\/\/www.stinajuliawebb.se\/?s={search_term_string}"},"query-input":"required name=search_term_string"}],"inLanguage":"es"},{"@type":"Organization","@id":"https:\/\/www.stinajuliawebb.se\/#organization","name":"Stina Julia Webbdesign","url":"https:\/\/www.stinajuliawebb.se\/","logo":{"@type":"ImageObject","inLanguage":"es","@id":"https:\/\/www.stinajuliawebb.se\/#\/schema\/logo\/image\/","url":"https:\/\/www.stinajuliawebb.se\/wp-content\/uploads\/2020\/08\/logga_stinajulia.png","contentUrl":"https:\/\/www.stinajuliawebb.se\/wp-content\/uploads\/2020\/08\/logga_stinajulia.png","width":243,"height":81,"caption":"Stina Julia Webbdesign"},"image":{"@id":"https:\/\/www.stinajuliawebb.se\/#\/schema\/logo\/image\/"}}]}},"_links":{"self":[{"href":"https:\/\/www.stinajuliawebb.se\/es\/wp-json\/wp\/v2\/pages\/365","targetHints":{"allow":["GET"]}}],"collection":[{"href":"https:\/\/www.stinajuliawebb.se\/es\/wp-json\/wp\/v2\/pages"}],"about":[{"href":"https:\/\/www.stinajuliawebb.se\/es\/wp-json\/wp\/v2\/types\/page"}],"author":[{"embeddable":true,"href":"https:\/\/www.stinajuliawebb.se\/es\/wp-json\/wp\/v2\/users\/3"}],"replies":[{"embeddable":true,"href":"https:\/\/www.stinajuliawebb.se\/es\/wp-json\/wp\/v2\/comments?post=365"}],"version-history":[{"count":0,"href":"https:\/\/www.stinajuliawebb.se\/es\/wp-json\/wp\/v2\/pages\/365\/revisions"}],"wp:attachment":[{"href":"https:\/\/www.stinajuliawebb.se\/es\/wp-json\/wp\/v2\/media?parent=365"}],"curies":[{"name":"wp","href":"https:\/\/api.w.org\/{rel}","templated":true}]}}